{"id":113,"date":"2026-03-02T09:10:25","date_gmt":"2026-03-02T09:10:25","guid":{"rendered":"https:\/\/melanie-gebhard.com\/?page_id=113"},"modified":"2026-03-02T19:12:15","modified_gmt":"2026-03-02T19:12:15","slug":"personvern","status":"publish","type":"page","link":"https:\/\/melanie-gebhard.com\/de\/personvern\/","title":{"rendered":"Personvern"},"content":{"rendered":"<p><strong>Datenschutzerkl\u00e4rung<\/strong><\/p>\n<p><em>Oppdatert: 2. mars 2026<\/em><\/p>\n<p><strong>1. Behandlingsansvarlig<\/strong><\/p>\n<p>Naturterapeut &amp; Helsecoaching Melanie Gebhard<\/p>\n<p>Toppsundveien 11<\/p>\n<p>9420 Lundenes<\/p>\n<p>Organisasjonnummer: 834519992<\/p>\n<p>E-post: hei@melanie-gebhard.com<\/p>\n<p>Telefon: +47 40301598<\/p>\n<p>Jeg er behandlingsansvarlig for behandling av personopplysninger som beskrevet i denne erkl\u00e6ringen.<\/p>\n<p><strong>2. Hvilke personopplysninger behandles<\/strong><\/p>\n<p>Jeg behandler f\u00f8lgende personopplysninger:<\/p>\n<p><strong>Alminnelige personopplysninger<\/strong><\/p>\n<ul type=\"disc\">\n<li>Navn<\/li>\n<li>E-postadresse<\/li>\n<li>Telefonnummer<\/li>\n<li>F\u00f8dselsdato<\/li>\n<\/ul>\n<p><strong>S\u00e6rlige kategorier personopplysninger<\/strong><\/p>\n<ul type=\"disc\">\n<li>Helseopplysninger (journalnotater, behandlingshistorikk og relevante helseopplysninger)<\/li>\n<\/ul>\n<p>Jeg behandler ikke personnummer. Jeg lagrer ikke kortopplysninger.<\/p>\n<p><strong>3. Hvordan opplysningene samles inn<\/strong><\/p>\n<p>Personopplysninger samles inn gjennom:<\/p>\n<ul type=\"disc\">\n<li>Registrering i EasyPractice<\/li>\n<li>Direkte kontakt via e-post eller telefon<\/li>\n<li>Opplysninger registrert i forbindelse med regnskap via Fiken<\/li>\n<li>Betaling via Vipps eller Zettle<\/li>\n<\/ul>\n<p>Jeg samler ikke inn personopplysninger via skjema p\u00e5 nettsiden.<\/p>\n<p><strong>4. Form\u00e5l med behandlingen<\/strong><\/p>\n<p>Personopplysningene behandles for f\u00f8lgende form\u00e5l:<\/p>\n<ul type=\"disc\">\n<li>Administrasjon av timebestilling<\/li>\n<li>Journalf\u00f8ring og gjennomf\u00f8ring av behandling<\/li>\n<li>Oppf\u00f8lging av klientforhold<\/li>\n<li>Kommunikasjon med klienter<\/li>\n<li>Fakturering og regnskapsf\u00f8ring<\/li>\n<li>Oppfyllelse av rettslige forpliktelser<\/li>\n<li>Administrativ e-postkommunikasjon knyttet til timeavtaler<\/li>\n<\/ul>\n<p>Opplysningene brukes ikke til markedsf\u00f8ring eller nyhetsbrev.<\/p>\n<p><strong>5. Rettslig grunnlag for behandlingen<\/strong><\/p>\n<p>Behandlingen skjer i samsvar med:<\/p>\n<ul type=\"disc\">\n<li><strong>Artikkel 6 nr. 1 bokstav b GDPR<\/strong>&nbsp;\u2013 behandling n\u00f8dvendig for \u00e5 oppfylle avtale<\/li>\n<li><strong>Artikkel 6 nr. 1 bokstav c GDPR<\/strong>&nbsp;\u2013 behandling n\u00f8dvendig for \u00e5 oppfylle rettslig forpliktelse (bokf\u00f8ringsplikt mv.)<\/li>\n<li><strong>Artikkel 9 nr. 2 bokstav h GDPR<\/strong>&nbsp;\u2013 behandling av helseopplysninger som ledd i helsetjenester<\/li>\n<\/ul>\n<p>Der det er n\u00f8dvendig, kan behandling ogs\u00e5 baseres p\u00e5 samtykke.<\/p>\n<p><strong>6. Bruk av databehandlere og tredjeparter<\/strong><\/p>\n<p>Jeg benytter f\u00f8lgende leverand\u00f8rer i min virksomhet:<\/p>\n<p><strong>EasyPractice<\/strong><\/p>\n<p>Brukes til:<\/p>\n<ul type=\"disc\">\n<li>Timebestilling<\/li>\n<li>Pasientadministrasjon<\/li>\n<li>Elektronisk journalf\u00f8ring<\/li>\n<li>Kommunikasjon<\/li>\n<\/ul>\n<p>Det er inng\u00e5tt databehandleravtale med leverand\u00f8ren.<\/p>\n<p><strong>Fiken<\/strong><\/p>\n<p>Brukes til:<\/p>\n<ul type=\"disc\">\n<li>Regnskap og bokf\u00f8ring<\/li>\n<\/ul>\n<p>Det er inng\u00e5tt databehandleravtale.<\/p>\n<p><strong>Vipps<\/strong><\/p>\n<p>Brukes til betalingstjenester.<\/p>\n<p>Vipps behandler betalingsopplysninger i henhold til sine egne personvernregler.<\/p>\n<p><strong>SumUp<\/strong><\/p>\n<p>Brukes som kortterminal for betaling med bankkort og kredittkort.<\/p>\n<p>Ved betaling via SumUp behandles transaksjonsopplysninger av leverand\u00f8ren. Jeg har ikke tilgang til eller lagrer kortopplysninger.<\/p>\n<p><strong>E-postautomatisering<\/strong><\/p>\n<p>Brukes til administrativ kommunikasjon relatert til timeavtaler og oppf\u00f8lging.<\/p>\n<p>Brukes ikke til markedsf\u00f8ring.<\/p>\n<p><strong>7. Lagring og sletting<\/strong><\/p>\n<p>Personopplysninger lagres ikke lenger enn n\u00f8dvendig.<\/p>\n<ul type=\"disc\">\n<li>Journalopplysninger lagres i 10 \u00e5r.<\/li>\n<li>Regnskapsopplysninger lagres i 10 \u00e5r i samsvar med bokf\u00f8ringsloven.<\/li>\n<li>Kontaktopplysninger lagres i inntil 10 m\u00e5neder dersom det ikke etableres kundeforhold.<\/li>\n<\/ul>\n<p>N\u00e5r lagringsperioden er utl\u00f8pt, slettes eller anonymiseres opplysningene.<\/p>\n<p><strong>8. Informasjonssikkerhet<\/strong><\/p>\n<p>Jeg iverksetter egnede tekniske og organisatoriske tiltak for \u00e5 beskytte personopplysninger, herunder:<\/p>\n<ul type=\"disc\">\n<li>Kryptert kommunikasjon (HTTPS\/TLS)<\/li>\n<li>Tilgangsbegrensning til systemer<\/li>\n<li>Passordbeskyttede l\u00f8sninger<\/li>\n<li>Databehandleravtaler med leverand\u00f8rer<\/li>\n<li>Sikker lagring innen EU\/E\u00d8S<\/li>\n<\/ul>\n<p><strong>9. Overf\u00f8ring til tredjeland<\/strong><\/p>\n<p>Personopplysninger behandles prim\u00e6rt innen EU\/E\u00d8S.<\/p>\n<p>Dersom leverand\u00f8rer overf\u00f8rer opplysninger utenfor EU\/E\u00d8S, skjer dette i henhold til gyldige overf\u00f8ringsgrunnlag som standard kontraktsklausuler eller andre mekanismer i samsvar med GDPR.<\/p>\n<p><strong>10. Dine rettigheter<\/strong><\/p>\n<p>Du har rett til:<\/p>\n<ul type=\"disc\">\n<li>Innsyn i egne personopplysninger<\/li>\n<li>Retting av uriktige opplysninger<\/li>\n<li>Sletting der loven tillater det<\/li>\n<li>Begrensning av behandling<\/li>\n<li>Dataportabilitet<\/li>\n<li>\u00c5 protestere mot behandling<\/li>\n<li>\u00c5 trekke tilbake eventuelt samtykke<\/li>\n<\/ul>\n<p>Du har ogs\u00e5 rett til \u00e5 klage til: Datatilsynet<\/p>\n<p>www.datatilsynet.no<\/p>\n<p><strong>11. Endringer<\/strong><\/p>\n<p>Personvernerkl\u00e6ringen oppdateres ved behov.<\/p>\n<p>Gjeldende versjon er alltid tilgjengelig p\u00e5 nettsiden.<\/p>\n<p>&nbsp;<\/p>\n<p>Enter your text here&#8230;<\/p>","protected":false},"excerpt":{"rendered":"<p>Personvernerkl\u00e6ring Oppdatert: 2. mars 2026 1. Behandlingsansvarlig Naturterapeut &amp; Helsecoaching Melanie Gebhard Toppsundveien 11 9420 Lundenes Organisasjonnummer: 834519992 E-post: hei@melanie-gebhard.com Telefon: +47 40301598 Jeg er behandlingsansvarlig for behandling av personopplysninger som beskrevet i denne erkl\u00e6ringen. 2. Hvilke personopplysninger behandles Jeg behandler f\u00f8lgende personopplysninger: Alminnelige personopplysninger Navn E-postadresse Telefonnummer F\u00f8dselsdato S\u00e6rlige kategorier personopplysninger Helseopplysninger (journalnotater, behandlingshistorikk [&hellip;]<\/p>\n","protected":false},"author":1,"featured_media":0,"parent":0,"menu_order":0,"comment_status":"closed","ping_status":"closed","template":"","meta":{"footnotes":"","tve_updated_post":"","tve_custom_css":"","tve_user_custom_css":"","tve_globals":{},"tcb2_ready":1,"tcb_editor_enabled":1,"tve_landing_page":"69dd7c7e084ceff5a3fe8889c5489548","_tve_header":"62","_tve_footer":"64"},"class_list":["post-113","page","type-page","status-publish","hentry","post-wrapper","thrv_wrapper"],"_links":{"self":[{"href":"https:\/\/melanie-gebhard.com\/de\/wp-json\/wp\/v2\/pages\/113","targetHints":{"allow":["GET"]}}],"collection":[{"href":"https:\/\/melanie-gebhard.com\/de\/wp-json\/wp\/v2\/pages"}],"about":[{"href":"https:\/\/melanie-gebhard.com\/de\/wp-json\/wp\/v2\/types\/page"}],"author":[{"embeddable":true,"href":"https:\/\/melanie-gebhard.com\/de\/wp-json\/wp\/v2\/users\/1"}],"replies":[{"embeddable":true,"href":"https:\/\/melanie-gebhard.com\/de\/wp-json\/wp\/v2\/comments?post=113"}],"version-history":[{"count":5,"href":"https:\/\/melanie-gebhard.com\/de\/wp-json\/wp\/v2\/pages\/113\/revisions"}],"predecessor-version":[{"id":325,"href":"https:\/\/melanie-gebhard.com\/de\/wp-json\/wp\/v2\/pages\/113\/revisions\/325"}],"wp:attachment":[{"href":"https:\/\/melanie-gebhard.com\/de\/wp-json\/wp\/v2\/media?parent=113"}],"curies":[{"name":"wp","href":"https:\/\/api.w.org\/{rel}","templated":true}]}}