{"id":310,"date":"2026-03-04T10:36:26","date_gmt":"2026-03-04T10:36:26","guid":{"rendered":"https:\/\/melanie-gebhard.com\/?page_id=310"},"modified":"2026-03-04T12:01:02","modified_gmt":"2026-03-04T12:01:02","slug":"betingelser-for-timebestilling","status":"publish","type":"page","link":"https:\/\/melanie-gebhard.com\/de\/betingelser-for-timebestilling\/","title":{"rendered":"Bedingungen f\u00fcr die Terminvereinbarung"},"content":{"rendered":"<h4>Bedingungen f\u00fcr die Terminvereinbarung<\/h4>\n<p><strong><span style=\"font-size: 22px !important;\"><span style=\"font-family: 'Lucida Sans Unicode', 'Lucida Grande', sans-serif;\">Velkommen til behandling hos meg.<\/span><\/span><\/strong><\/p>\n<p style=\"text-align: center;\"><span style=\"font-family: 'Lucida Sans Unicode', 'Lucida Grande', sans-serif;\">N\u00e5r du bestiller en time, godtar du f\u00f8lgende betingelser.<\/span><\/p>\n<h3 style=\"\"><span style=\"font-family: 'Lucida Sans Unicode', 'Lucida Grande', sans-serif;\">Avbestilling av time<\/span><\/h3>\n<p style=\"\"><span style=\"font-family: 'Lucida Sans Unicode', 'Lucida Grande', sans-serif;\">Hvis du ikke har mulighet til \u00e5 m\u00f8te til avtalt time, ber jeg deg om \u00e5 avbestille senest 24 timer f\u00f8r timen starter.<\/span><\/p>\n<p style=\"\"><span style=\"font-family: 'Lucida Sans Unicode', 'Lucida Grande', sans-serif;\">Ved avbestilling senere enn dette, eller ved manglende oppm\u00f8te, vil hele timen bli fakturert, da tiden er reservert spesielt for deg.<\/span><\/p>\n<h3 style=\"\"><span style=\"font-family: 'Lucida Sans Unicode', 'Lucida Grande', sans-serif;\">Forsinkelse<\/span><\/h3>\n<p style=\"\"><span style=\"font-family: 'Lucida Sans Unicode', 'Lucida Grande', sans-serif;\">Hvis du kommer for sent til timen, kan behandlingstiden bli forkortet slik at neste klient ikke blir forsinket.<\/span><\/p>\n<p><span style=\"font-family: 'Lucida Sans Unicode', 'Lucida Grande', sans-serif;\">Full pris for timen gjelder likevel.<\/span><\/p>\n<h3 style=\"\"><span style=\"font-family: 'Lucida Sans Unicode', 'Lucida Grande', sans-serif;\">Betaling<\/span><\/h3>\n<p><span style=\"font-family: 'Lucida Sans Unicode', 'Lucida Grande', sans-serif;\">Betaling skjer etter timen via Vipps eller kortbetaling.<\/span><\/p>\n<h3 style=\"\"><span style=\"font-family: 'Lucida Sans Unicode', 'Lucida Grande', sans-serif;\">Helse og ansvar<\/span><\/h3>\n<p style=\"\"><span style=\"font-family: 'Lucida Sans Unicode', 'Lucida Grande', sans-serif;\">Behandling og samtaler hos meg erstatter ikke medisinsk behandling hos lege eller annet autorisert helsepersonell.<\/span><\/p>\n<p><span style=\"font-family: 'Lucida Sans Unicode', 'Lucida Grande', sans-serif;\">Ved alvorlige eller vedvarende helseplager anbefales det \u00e5 kontakte lege.<\/span><\/p>\n<h3 style=\"\"><span style=\"font-family: 'Lucida Sans Unicode', 'Lucida Grande', sans-serif;\">Praktisk informasjon<\/span><\/h3>\n<p style=\"\"><span style=\"font-family: 'Lucida Sans Unicode', 'Lucida Grande', sans-serif;\">Det er fint om du tar med korte treningsshorts til timen, spesielt dersom behandling av ben eller hofte er aktuelt.&nbsp;Varme sokker kan ogs\u00e5 v\u00e6re godt \u00e5 ha under behandlingen.<\/span><\/p>\n<p><span style=\"font-family: 'Lucida Sans Unicode', 'Lucida Grande', sans-serif;\">Hvis du har relevante medisinske unders\u00f8kelser eller legejournaler, er du velkommen til \u00e5 ta dem med.<\/span><\/p>\n<h3 style=\"\"><span style=\"font-family: 'Lucida Sans Unicode', 'Lucida Grande', sans-serif;\">Personvern<\/span><\/h3>\n<p><span style=\"font-family: 'Lucida Sans Unicode', 'Lucida Grande', sans-serif;\">Personopplysninger behandles konfidensielt og i henhold til gjeldende personvernlovgivning.<\/span><\/p>","protected":false},"excerpt":{"rendered":"<p>Betingelser for timebestilling Velkommen til behandling hos meg. N\u00e5r du bestiller en time, godtar du f\u00f8lgende betingelser. Avbestilling av time Hvis du ikke har mulighet til \u00e5 m\u00f8te til avtalt time, ber jeg deg om \u00e5 avbestille senest 24 timer f\u00f8r timen starter. Ved avbestilling senere enn dette, eller ved manglende oppm\u00f8te, vil hele timen [&hellip;]<\/p>\n","protected":false},"author":1,"featured_media":0,"parent":0,"menu_order":0,"comment_status":"closed","ping_status":"closed","template":"","meta":{"footnotes":"","tve_updated_post":"","tve_custom_css":"","tve_user_custom_css":"","tve_globals":{},"tcb2_ready":1,"tcb_editor_enabled":1,"tve_landing_page":"69dd7c7e084ceff5a3fe8889c5489548","_tve_header":"62","_tve_footer":"64"},"class_list":["post-310","page","type-page","status-publish","hentry","post-wrapper","thrv_wrapper"],"_links":{"self":[{"href":"https:\/\/melanie-gebhard.com\/de\/wp-json\/wp\/v2\/pages\/310","targetHints":{"allow":["GET"]}}],"collection":[{"href":"https:\/\/melanie-gebhard.com\/de\/wp-json\/wp\/v2\/pages"}],"about":[{"href":"https:\/\/melanie-gebhard.com\/de\/wp-json\/wp\/v2\/types\/page"}],"author":[{"embeddable":true,"href":"https:\/\/melanie-gebhard.com\/de\/wp-json\/wp\/v2\/users\/1"}],"replies":[{"embeddable":true,"href":"https:\/\/melanie-gebhard.com\/de\/wp-json\/wp\/v2\/comments?post=310"}],"version-history":[{"count":4,"href":"https:\/\/melanie-gebhard.com\/de\/wp-json\/wp\/v2\/pages\/310\/revisions"}],"predecessor-version":[{"id":314,"href":"https:\/\/melanie-gebhard.com\/de\/wp-json\/wp\/v2\/pages\/310\/revisions\/314"}],"wp:attachment":[{"href":"https:\/\/melanie-gebhard.com\/de\/wp-json\/wp\/v2\/media?parent=310"}],"curies":[{"name":"wp","href":"https:\/\/api.w.org\/{rel}","templated":true}]}}