{"id":430,"date":"2026-04-08T10:06:34","date_gmt":"2026-04-08T10:06:34","guid":{"rendered":"https:\/\/melanie-gebhard.com\/?page_id=430"},"modified":"2026-04-08T12:04:58","modified_gmt":"2026-04-08T12:04:58","slug":"om-meg-1","status":"publish","type":"page","link":"https:\/\/melanie-gebhard.com\/de\/om-meg-1\/","title":{"rendered":"\u00dcber mich"},"content":{"rendered":"<h2>\u00dcber mich<\/h2>\n<p>Seit \u00fcber 20 Jahren besch\u00e4ftige ich mich intensiv mit Gesundheit, Bewegung, Ern\u00e4hrung und ganzheitlichen Zusammenh\u00e4ngen zwischen K\u00f6rper und Lebensstil.<\/p>\n<p>In Deutschland habe ich mich in der Osteopathie ausbilden lassen und fast sieben Jahre lang in eigener Vollzeitpraxis als ganzheitliche Therapeutin gearbeitet.\nDort behandelte ich ein breites Spektrum an schmerz- und belastungsbedingten Beschwerden, mit besonderem Fokus auf muskul\u00e4re Spannungen, Stress und funktionelle Schmerzen.<\/p>\n<p>Jeg studerer ogs\u00e5 &nbsp;helsepsykologi og forebyggende arbeid (B. A.), noe som gi meg en dypere forst\u00e5else av sammenhengen mellom kropp, nervesystem, livsbelastning og mentale prosesser. Dette preger m\u00e5ten jeg arbeider p\u00e5 i dag.<\/p>\n<p>Meine Herangehensweise ist ganzheitlich und zugleich wissenschaftlich fundiert.\nIch verbinde traditionelle naturtherapeutische Ans\u00e4tze mit moderner Erkenntnis \u00fcber Regulation, Stress und Schmerz.<\/p>\n<p>Ich verstehe meine Arbeit nicht als Alternative zur Schulmedizin, sondern als sinnvolle Erg\u00e4nzung \u2013 mit dem Ziel, die Selbstregulation und Balance des K\u00f6rpers zu unterst\u00fctzen.<\/p>\n<p>Heute arbeite ich in Norwegen als Naturtherapeutin und f\u00fchre meine klinische Erfahrung in einer ruhigen, individuell angepassten Praxis weiter.<\/p>\n<p style=\"text-align: center;\"><strong>Naturtherapeutin MNNH<\/strong><\/p>\n<p style=\"text-align: center;\"><strong>Melanie Gebhard<\/strong><\/p>\n<p><span><img decoding=\"async\" alt=\"\" data-id=\"206\" width=\"154\" data-init-width=\"1080\" height=\"193\" data-init-height=\"1350\" title=\"Design uten navn-2\" src=\"https:\/\/melanie-gebhard.com\/wp-content\/uploads\/2026\/03\/Design-uten-navn-2.jpg\" data-width=\"154\" data-height=\"193\" style=\"aspect-ratio: auto 1080 \/ 1350;\" loading=\"lazy\"><\/span><\/p>\n<p style=\"text-align: center;\"><strong><span style=\"font-size: 22px !important;\"><span style=\"font-family: 'Lucida Sans Unicode', 'Lucida Grande', sans-serif;\">Bist du bereit, deinem K\u00f6rper mehr Unterst\u00fctzung und Ruhe zu geben?&nbsp;<\/span><\/span><\/strong><\/p>\n<p style=\"text-align: center;\"><span style=\"font-family: 'Lucida Sans Unicode', 'Lucida Grande', sans-serif;\">Du musst nicht genau wissen, woher deine Beschwerden kommen.<\/span><\/p>\n<p style=\"text-align: center;\"><span style=\"font-family: 'Lucida Sans Unicode', 'Lucida Grande', sans-serif;\">Wir beginnen genau dort, wo du gerade bist.<\/span><\/p>\n<h4 style=\"text-align: center;\"><strong>Erfahrungen von fr\u00fcheren Patienten<\/strong><\/h4>\n<blockquote style=\"text-align: center;\"><p><strong>Diese Bewertungen sind von Patienten aus meiner fr\u00fcheren Praxis in Deutschland<\/strong><\/p><\/blockquote>\n<p style=\"text-align: left;\">Sehr gute Behandlung und Beratung. Ich habe hilfreiche Tipps bekommen, was ich selbst zu Hause tun kann, um den Heilungsprozess zu unterst\u00fctzen. Durch die \u00dcbungen wurden meine Schmerzen deutlich besser. Absolut empfehlenswert.<\/p>\n<p style=\"text-align: left;\">\u2014 Marc<\/p>\n<p style=\"text-align: left;\">Melanie arbeitet mit unterschiedlichen Behandlungsmethoden und entwickelt ihre Arbeit durch regelm\u00e4\u00dfige Weiterbildungen stetig weiter.\nDie Praxisr\u00e4ume sind warm und einladend \u2013 man f\u00fchlt sich sofort willkommen.<\/p>\n<p style=\"text-align: left;\">\u2014 Herr Renken<\/p>\n<p style=\"text-align: left;\">Melanie nimmt sich viel Zeit und begegnet jedem Patienten individuell. Sie fragt immer nach den aktuellen Beschwerden, bevor die Behandlung beginnt. Ich f\u00fchle mich sehr gut aufgehoben.<\/p>\n<p style=\"text-align: left;\">&#8211; Birgit<\/p>\n<p style=\"text-align: left;\">Die Praxis ist sehr gut organisiert. Ich musste selten warten \u2013 und wenn, dann nur kurz. Immer freundlich. Sie erkl\u00e4rt viel, sodass man sowohl die Beschwerden als auch den Sinn der \u00dcbungen f\u00fcr zu Hause versteht.<\/p>\n<p style=\"text-align: left;\">&#8211; A. U.<\/p>\n<p style=\"text-align: left;\">Ich habe volles Vertrauen in Melanie. Mit ihrer Kompetenz hat sie mir in vielen unterschiedlichen Lebenssituationen geholfen. Ich kann sie absolut weiterempfehlen.<\/p>\n<p style=\"text-align: left;\">&#8211; Claudia<\/p>\n<p style=\"text-align: left;\">Sehr freundlich, kompetent und erkl\u00e4rt alles klar und leicht verst\u00e4ndlich.<\/p>\n<p style=\"text-align: left;\">&#8211; Carina<\/p>\n<p><span><img decoding=\"async\" alt=\"\" data-id=\"123\" width=\"1040\" data-init-width=\"1920\" height=\"146\" data-init-height=\"269\" title=\"deco lines bg\" src=\"\/\/melanie-gebhard.com\/wp-content\/uploads\/tcb_content_templates\/images\/deco-lines-bg.png\" data-width=\"1040\" data-height=\"146\" style=\"aspect-ratio: auto 1920 \/ 269;\" loading=\"lazy\"><\/span><\/p>\n<h4 style=\"text-align: center;\"><strong>Wie ich arbeite<\/strong><\/h4>\n<blockquote style=\"text-align: center;\"><p>Eine ganzheitliche und wissensbasierte Herangehensweise an Behandlung.<\/p><\/blockquote>\n<p><span><img decoding=\"async\" alt=\"\" data-id=\"219\" width=\"248\" data-init-width=\"1024\" height=\"372\" data-init-height=\"1536\" title=\"e7cc418e34b6e1d7c1c232e0fb44b4d5d54bd3dd0c5c8bb71ae0bbfbd7988fbd\" src=\"https:\/\/melanie-gebhard.com\/wp-content\/uploads\/2026\/03\/e7cc418e34b6e1d7c1c232e0fb44b4d5d54bd3dd0c5c8bb71ae0bbfbd7988fbd.png\" data-width=\"248\" data-height=\"372\" style=\"aspect-ratio: auto 1024 \/ 1536;\" loading=\"lazy\"><\/span><\/p>\n<h4 style=\"text-align: center;\"><a href=\"#\" style=\"outline: currentcolor;\">Ganzheitliches Schmerzverst\u00e4ndnis<\/a><\/h4>\n<p>Schmerz und Verspannung entstehen selten isoliert.\nOft stehen sie im Zusammenhang mit Belastung, Stress und der pers\u00f6nlichen Lebenssituation.<\/p>\n<p>In der Behandlung betrachte ich den Menschen als Ganzes \u2013 nicht nur den Bereich, der schmerzt.<\/p>\n<p><span><img decoding=\"async\" alt=\"\" data-id=\"222\" width=\"248\" data-init-width=\"1024\" height=\"372\" data-init-height=\"1536\" title=\"d8c03f397e46892f99d03bc6ace8c5527e2abcf80fa173674213a2ae69d228d5\" src=\"https:\/\/melanie-gebhard.com\/wp-content\/uploads\/2026\/03\/d8c03f397e46892f99d03bc6ace8c5527e2abcf80fa173674213a2ae69d228d5.png\" data-width=\"248\" data-height=\"372\" style=\"aspect-ratio: auto 1024 \/ 1536;\" loading=\"lazy\"><\/span><\/p>\n<h4 style=\"text-align: center;\"><a href=\"#\" style=\"outline: currentcolor;\">Regulierung des Nervensystems<\/a><\/h4>\n<p>Auf Grundlage meiner Kenntnisse in der Gesundheitspsychologie arbeite ich mit dem Verst\u00e4ndnis daf\u00fcr, wie das Nervensystem Schmerz, Ersch\u00f6pfung und muskul\u00e4re Spannung beeinflusst.<\/p>\n<p>Rolig, tilpasset behandling kan st\u00f8tte kroppens evne til naturlige selvhelbredende mekanismer.<\/p>\n<p><span><img decoding=\"async\" alt=\"\" data-id=\"220\" width=\"248\" data-init-width=\"1024\" height=\"372\" data-init-height=\"1536\" title=\"a0d78bfbd92960ca1791c094b868a98dea451fe88eeb67e8d74ca9c8dcc4c4a3\" src=\"https:\/\/melanie-gebhard.com\/wp-content\/uploads\/2026\/03\/a0d78bfbd92960ca1791c094b868a98dea451fe88eeb67e8d74ca9c8dcc4c4a3.png\" data-width=\"248\" data-height=\"372\" style=\"aspect-ratio: auto 1024 \/ 1536;\" loading=\"lazy\"><\/span><\/p>\n<h4 style=\"text-align: center;\"><a href=\"#\" style=\"outline: currentcolor;\">Naturmedizinische Muskeltherapie<\/a><\/h4>\n<p>Durch manuelle Techniken arbeite ich daran, Spannungen zu l\u00f6sen, die Beweglichkeit zu verbessern und die Funktion des K\u00f6rpers auf achtsame und pr\u00e4zise Weise zu unterst\u00fctzen.<\/p>\n<p><span><img decoding=\"async\" alt=\"\" data-id=\"221\" width=\"248\" data-init-width=\"1024\" height=\"372\" data-init-height=\"1536\" title=\"b66c2ee1d9b5970afe0ca3a213b8a5e37515bb74503792cf582621767103a50f\" src=\"https:\/\/melanie-gebhard.com\/wp-content\/uploads\/2026\/03\/b66c2ee1d9b5970afe0ca3a213b8a5e37515bb74503792cf582621767103a50f.png\" data-width=\"248\" data-height=\"372\" style=\"aspect-ratio: auto 1024 \/ 1536;\" loading=\"lazy\"><\/span><\/p>\n<h4 style=\"text-align: center;\"><a href=\"#\" style=\"outline: currentcolor;\">Ern\u00e4hrungsbezogene Unterst\u00fctzung<\/a><\/h4>\n<p>Bei Bedarf k\u00f6nnen Ern\u00e4hrung und Lebensstilfaktoren in die Behandlung einbezogen werden \u2013 stets individuell abgestimmt und wissenschaftlich fundiert.<\/p>\n<p><span><img decoding=\"async\" alt=\"\" data-id=\"123\" width=\"1060\" data-init-width=\"1920\" height=\"149\" data-init-height=\"269\" title=\"deco lines bg\" src=\"\/\/melanie-gebhard.com\/wp-content\/uploads\/tcb_content_templates\/images\/deco-lines-bg.png\" data-width=\"1060\" data-height=\"149\" style=\"aspect-ratio: auto 1920 \/ 269;\" loading=\"lazy\"><\/span><\/p>\n<h4 style=\"text-align: center;\">M\u00f6chtest du mehr wissen?<\/h4>\n<p>Hier kannst du mehr dar\u00fcber lesen, wie ich mit Schmerz, Stress und Regulation arbeite.<\/p>\n<p style=\"text-align: center;\">bald verf\u00fcgbar<\/p>\n<h4 style=\"text-align: center;\">Meine Qualifikationen und Ausbildungen<\/h4>\n<p style=\"text-align: center;\"><strong>W\u00fcnschst du dir Unterst\u00fctzung f\u00fcr deinen K\u00f6rper?<\/strong><\/p>\n<p style=\"text-align: center;\">Du musst nicht genau wissen, woher deine Beschwerden kommen.<\/p>\n<p style=\"text-align: center;\">Wir beginnen genau dort, wo du gerade bist.<\/p>\n<h4 style=\"text-align: center; color: var(--tcb-skin-color-2) !important; --tcb-applied-color: var$(--tcb-skin-color-2) !important;\"><span style=\"--tcb-text-highlight-color: rgba(85, 98, 87, 0) !important; --tcb-applied-color: var$(--tcb-skin-color-2) !important;\">Verantwortungsvolle Praxis<\/span><\/h4>\n<p style=\"\"><span style=\"font-family: &quot;Lucida Sans Unicode&quot;, &quot;Lucida Grande&quot;, sans-serif;\">Als Naturtherapeutin arbeite ich mit komplement\u00e4ren Behandlungsmethoden, die die k\u00f6rpereigene Regulation und Balance unterst\u00fctzen.&nbsp;<\/span><span style=\"font-family: &quot;Lucida Sans Unicode&quot;, &quot;Lucida Grande&quot;, sans-serif;\">Mein Ansatz ist ganzheitlich und wissensbasiert. Ich betrachte K\u00f6rper, Nervensystem und Lebenssituation im Zusammenhang und arbeite im Dialog mit \u2013 nicht im Gegensatz zur \u2013 Schulmedizin.<\/span><span style=\"font-family: &quot;Lucida Sans Unicode&quot;, &quot;Lucida Grande&quot;, sans-serif;\"><\/span><br \/><span style=\"font-family: &quot;Lucida Sans Unicode&quot;, &quot;Lucida Grande&quot;, sans-serif;\">Ich ersetze keine medizinische Behandlung. Bei Bedarf verweise ich an \u00c4rzt:innen oder anderes autorisiertes Fachpersonal.<\/span><\/p>\n<p style=\"\"><span style=\"font-family: &quot;Lucida Sans Unicode&quot;, &quot;Lucida Grande&quot;, sans-serif;\">Als Mitglied der Norske Naturterapeuters Hovedorganisasjon (NNH) halte ich mich an geltende Gesetze, ethische Richtlinien und Anforderungen an die Patientensicherheit. Schweigepflicht, Dokumentation und Berufshaftpflichtversicherung sind selbstverst\u00e4ndlich.<\/span><\/p>\n<p><span style=\"\"><img decoding=\"async\" alt=\"\" data-id=\"206\" width=\"224\" data-init-width=\"1080\" height=\"280\" data-init-height=\"1350\" title=\"Design uten navn-2\" src=\"https:\/\/melanie-gebhard.com\/wp-content\/uploads\/2026\/03\/Design-uten-navn-2.jpg\" data-width=\"224\" data-height=\"280\" style=\"aspect-ratio: auto 1080 \/ 1350;\" ml-d=\"-5.546875\" mt-d=\"0\" loading=\"lazy\"><\/span><\/p>","protected":false},"excerpt":{"rendered":"<p>Om meg Jeg har i over 20 \u00e5r arbeidet med og fordypet meg i helse, bevegelse, ern\u00e6ring og helhetlige sammenhenger mellom kropp og livsstil. I Tyskland utdannet jeg meg innen osteopati og arbeidet som Helhetsterapeut med egen fulltidspraksis i nesten syv \u00e5r. Der behandlet jeg et bredt spekter av smerte- og belastningsrelaterte plager, med s\u00e6rlig [&hellip;]<\/p>\n","protected":false},"author":1,"featured_media":0,"parent":0,"menu_order":0,"comment_status":"closed","ping_status":"closed","template":"","meta":{"footnotes":"","tve_updated_post":"","tve_custom_css":"","tve_user_custom_css":"","tve_globals":{},"tcb2_ready":1,"tcb_editor_enabled":1,"tve_landing_page":"69dd7c7e084ceff5a3fe8889c5489548","_tve_header":"62","_tve_footer":"64"},"class_list":["post-430","page","type-page","status-publish","hentry","post-wrapper","thrv_wrapper"],"_links":{"self":[{"href":"https:\/\/melanie-gebhard.com\/de\/wp-json\/wp\/v2\/pages\/430","targetHints":{"allow":["GET"]}}],"collection":[{"href":"https:\/\/melanie-gebhard.com\/de\/wp-json\/wp\/v2\/pages"}],"about":[{"href":"https:\/\/melanie-gebhard.com\/de\/wp-json\/wp\/v2\/types\/page"}],"author":[{"embeddable":true,"href":"https:\/\/melanie-gebhard.com\/de\/wp-json\/wp\/v2\/users\/1"}],"replies":[{"embeddable":true,"href":"https:\/\/melanie-gebhard.com\/de\/wp-json\/wp\/v2\/comments?post=430"}],"version-history":[{"count":5,"href":"https:\/\/melanie-gebhard.com\/de\/wp-json\/wp\/v2\/pages\/430\/revisions"}],"predecessor-version":[{"id":459,"href":"https:\/\/melanie-gebhard.com\/de\/wp-json\/wp\/v2\/pages\/430\/revisions\/459"}],"wp:attachment":[{"href":"https:\/\/melanie-gebhard.com\/de\/wp-json\/wp\/v2\/media?parent=430"}],"curies":[{"name":"wp","href":"https:\/\/api.w.org\/{rel}","templated":true}]}}