{"id":65,"date":"2026-02-22T21:36:29","date_gmt":"2026-02-22T21:36:29","guid":{"rendered":"https:\/\/melanie-gebhard.com\/generated-homepage\/"},"modified":"2026-04-25T11:17:41","modified_gmt":"2026-04-25T11:17:41","slug":"opphold","status":"publish","type":"page","link":"https:\/\/melanie-gebhard.com\/de\/opphold\/","title":{"rendered":"Aufenthalt bei uns"},"content":{"rendered":"<p><span><img decoding=\"async\" alt=\"\" data-id=\"92\" width=\"276\" data-init-width=\"1536\" height=\"184\" data-init-height=\"1024\" title=\"Bild\" src=\"https:\/\/melanie-gebhard.com\/wp-content\/uploads\/2026\/03\/Bild.png\" data-width=\"276\" data-height=\"184\" style=\"aspect-ratio: auto 1536 \/ 1024;\" loading=\"lazy\"><\/span><\/p>\n<h1 style=\"text-align: center;\">Willkommen auf<br \/>unserem Hof 'Elvebakken'<\/p>\n<p><span style=\"font-size: 28px !important;\">Ein Ort der Stille, der Ruhe und der neuen Ausrichtung<\/span><\/h1>\n<p>S<\/p>\n<p>Sm\u00e5<\/p>\n<h4 style=\"\">\u00dcber uns und unseren Hof 'Elvebakken'<\/h4>\n<p>Ein Ort, geschaffen f\u00fcr Gesundheit, Natur und Gemeinschaft<\/p>\n<p>Wir sind Marco und Melanie und haben uns entschieden, unser Leben auf einer kleinen Insel n\u00f6rdlich von Harstad in Nordnorwegen neu auszurichten.<\/p>\n<p>Unser Wunsch war ein einfacheres Leben \u2013 n\u00e4her an der Natur, im Rhythmus der Jahreszeiten und mit einem klaren Blick auf das, was wirklich z\u00e4hlt.\nGenau das haben wir hier gefunden: auf einem alten Hof auf Gryt\u00f8ya, umgeben von Wind, Meer und weiter Landschaft.<\/p>\n<p>Zwischen Fjord und Bergen leben wir im Einklang mit der Natur.\nDie Ruhe hier ist nichts, das geschaffen werden muss \u2013 sie ist einfach da, jeden Tag.\nSie lenkt den Blick auf das Wesentliche und l\u00e4sst uns sp\u00fcren, wie viel Kraft im Einfachen liegt: im Licht der Mitternachtssonne, im Rauschen von Wind und Wasser und im stetigen Wandel der Jahreszeiten.<\/p>\n<p>Unser Sm\u00e5bruk Elvebakken, ist ein Ort im Entstehen.\nSchritt f\u00fcr Schritt entsteht hier ein Raum f\u00fcr Ruhe, Regeneration und neue Ausrichtung.\nEin Ort, an dem Menschen ankommen, durchatmen und neue Perspektiven finden k\u00f6nnen.\nAlles, was hier w\u00e4chst, beruht auf derselben \u00dcberzeugung:\nDass Natur, bewusste Pr\u00e4senz und echte Begegnungen Ver\u00e4nderung m\u00f6glich machen \u2013 im K\u00f6rper, im Geist und im Leben.<\/p>\n<p style=\"text-align: center;\"><\/p>\n<p style=\"text-align: center;\"><strong>Still. Echt. Nordisch.<\/strong><\/p>\n<h2 style=\"text-align: center;\">Aufenthalt auf Hof 'Elvebakken'<\/h2>\n<h6 style=\"text-align: center;\"><a data-tcb_hover_state_parent=\"\" href=\"https:\/\/melanie-gebhard.com\/de\/opphold-pa-smabruk-elvebakken\/\" style=\"outline: currentcolor;\" target=\"_blank\"><strong>Ein pers\u00f6nlicher R\u00fcckzugsort am Fjord<\/strong><\/a><\/h6>\n<h6 style=\"text-align: left;\"><a data-tcb_hover_state_parent=\"\" href=\"https:\/\/melanie-gebhard.com\/de\/opphold-pa-smabruk-elvebakken\/\" style=\"outline: currentcolor;\" target=\"_blank\">Ein kleiner, pers\u00f6nlicher Hof am Fjord \u2013 ein Ort zum Innehalten. Hier verlangsamt sich das Leben, du bist der Natur ganz nah und darfst die Tage in ihrer einfachen Sch\u00f6nheit genie\u00dfen.<br \/>Das ist kein Campingplatz \u2013 sondern ein Ort f\u00fcr Ruhe, Verbundenheit und einfaches Sein.<\/a><\/h6>\n<h6 style=\"text-align: center;\"><a data-tcb_hover_state_parent=\"\" href=\"#\" style=\"outline: currentcolor;\">Nur nach pers\u00f6nlicher Absprache!<\/a><\/h6>\n<h6 style=\"text-align: center;\"><a data-tcb_hover_state_parent=\"\" href=\"https:\/\/melanie-gebhard.com\/de\/helhetlig-smertebehandling\/\" style=\"outline: currentcolor;\" target=\"_blank\">Klangmassage und sanfte, beruhigende Anwendungen<\/a><\/h6>\n<h6 style=\"text-align: left;\"><a data-tcb_hover_state_parent=\"\" href=\"https:\/\/melanie-gebhard.com\/de\/helhetlig-smertebehandling\/\" style=\"outline: currentcolor;\" target=\"_blank\">Ruhige Behandlungen, die dem K\u00f6rper helfen, Spannungen loszulassen und wieder mehr Balance zu finden. Hier arbeiten wir nicht nur an Symptomen, sondern geben dem K\u00f6rper Raum, zur Ruhe zu kommen.<\/a><\/h6>\n<p><span><img decoding=\"async\" alt=\"\" data-id=\"123\" width=\"1219\" data-init-width=\"1920\" height=\"171\" data-init-height=\"269\" title=\"deco lines bg\" src=\"\/\/melanie-gebhard.com\/wp-content\/uploads\/tcb_content_templates\/images\/deco-lines-bg.png\" data-width=\"1219\" data-height=\"171\" style=\"aspect-ratio: auto 1920 \/ 269;\" loading=\"lazy\"><\/span><\/p>\n<p><\/p>\n<p>Hier geht es um mehr als nur einen Aufenthalt. Es ist ein kleiner Ort am Fjord, an dem du entschleunigen und wieder mehr Ruhe um dich herum sp\u00fcren kannst.<\/p>\n<p>Du kannst drau\u00dfen in der Natur sein, spazieren gehen, am Wasser sitzen oder den Tag einfach sein lassen. Gleichzeitig hast du die M\u00f6glichkeit, mit Klangmassage und ruhigen Behandlungen Spannungen loszulassen und mehr Balance zu finden.<\/p>\n<p>Wenn du m\u00f6chtest, gestalten wir deinen Aufenthalt gemeinsam \u2013 ganz nach deinen Bed\u00fcrfnissen. Ob du mehr Stille suchst, dich etwas bewegen m\u00f6chtest oder die Insel in deinem eigenen Tempo entdecken willst.<\/p>\n<blockquote style=\"text-align: center;\"><p><strong>Ta gjerne kontakt hvis du er nysgjerrig p\u00e5 om dette kan v\u00e6re noe for deg.<\/strong><\/p><\/blockquote>","protected":false},"excerpt":{"rendered":"<p>VELKOMMEN TILSm\u00e5bruk Elvebakken Et sted for stillhet, hvile og ny retning S Sm\u00e5 Om oss og v\u00e5r Sm\u00e5bruk Elvebakken Et sted skapt for helse, natur og felleskap Vi er Marco og Melanie, og vi har valgt \u00e5 gi livet v\u00e5rt en ny retning p\u00e5 en liten \u00f8y nord for Harstad i Nord-Norge. \u00d8nsket v\u00e5rt var [&hellip;]<\/p>\n","protected":false},"author":1,"featured_media":0,"parent":0,"menu_order":0,"comment_status":"closed","ping_status":"closed","template":"","meta":{"footnotes":"","tve_updated_post":"","tve_custom_css":"","tve_user_custom_css":"","tve_globals":{},"tcb2_ready":1,"tcb_editor_enabled":1,"tve_landing_page":"bf1c1f24a56a8d9da2750fe18277c750","_tve_header":"62","_tve_footer":"64"},"class_list":["post-65","page","type-page","status-publish","hentry","post-wrapper","thrv_wrapper"],"_links":{"self":[{"href":"https:\/\/melanie-gebhard.com\/de\/wp-json\/wp\/v2\/pages\/65","targetHints":{"allow":["GET"]}}],"collection":[{"href":"https:\/\/melanie-gebhard.com\/de\/wp-json\/wp\/v2\/pages"}],"about":[{"href":"https:\/\/melanie-gebhard.com\/de\/wp-json\/wp\/v2\/types\/page"}],"author":[{"embeddable":true,"href":"https:\/\/melanie-gebhard.com\/de\/wp-json\/wp\/v2\/users\/1"}],"replies":[{"embeddable":true,"href":"https:\/\/melanie-gebhard.com\/de\/wp-json\/wp\/v2\/comments?post=65"}],"version-history":[{"count":30,"href":"https:\/\/melanie-gebhard.com\/de\/wp-json\/wp\/v2\/pages\/65\/revisions"}],"predecessor-version":[{"id":475,"href":"https:\/\/melanie-gebhard.com\/de\/wp-json\/wp\/v2\/pages\/65\/revisions\/475"}],"wp:attachment":[{"href":"https:\/\/melanie-gebhard.com\/de\/wp-json\/wp\/v2\/media?parent=65"}],"curies":[{"name":"wp","href":"https:\/\/api.w.org\/{rel}","templated":true}]}}